{"id":4,"date":"2022-05-19T02:11:14","date_gmt":"2022-05-19T02:11:14","guid":{"rendered":"http:\/\/precare.solutions\/ciussscn\/?page_id=4"},"modified":"2023-02-24T10:51:59","modified_gmt":"2023-02-24T10:51:59","slug":"accueil","status":"publish","type":"page","link":"https:\/\/centreexpertiseacess.com\/fr\/","title":{"rendered":"Accueil"},"content":{"rendered":"<div class=\"wpb-content-wrapper\"><p>[vc_row full_width=\u00a0\u00bbstretch_row\u00a0\u00bb css=\u00a0\u00bb.vc_custom_1654693417494{padding-top: 150px !important;padding-bottom: 150px !important;background-image: url(https:\/\/centreexpertiseacess.com\/wp-content\/uploads\/sites\/27\/2022\/05\/bg-home.jpg?id=7) !important;background-position: center !important;background-repeat: no-repeat !important;background-size: cover !important;}\u00a0\u00bb][vc_column][vc_column_text]<\/p>\n<h1 class=\"home_top_header\"><span style=\"color: #ffffff;\">acess:<\/span><\/h1>\n<h5 style=\"text-align: center; font-size: 40px; line-height: 50px;\"><span style=\"color: #ffffff;\">Am\u00e9liorer l\u2019acc\u00e8s par le savoir.<\/span><\/h5>\n<p>[\/vc_column_text][\/vc_column][\/vc_row][vc_row][vc_column css=\u00a0\u00bb.vc_custom_1653169623567{background-color: #3f5d41 !important;border-radius: 5px !important;}\u00a0\u00bb el_id=\u00a0\u00bbtop_overlay_column\u00a0\u00bb][vc_column_text css=\u00a0\u00bb.vc_custom_1654186215415{padding-top: 40px !important;padding-right: 40px !important;padding-bottom: 40px !important;padding-left: 40px !important;}\u00a0\u00bb]<\/p>\n<p style=\"text-align: center; font-size: 25px; line-height: 32.5px;\"><span style=\"color: #ffffff;\">Le Centre d\u2019expertise sur l\u2019adaptation aux communaut\u00e9s d\u2019expression anglaise en sant\u00e9 et services sociaux (CE-ACESS) contribue <strong>\u00e0 am\u00e9liorer, mieux adapter et rendre plus accessible les services<\/strong> destin\u00e9s aux personnes d\u2019expression anglaise de l\u2019Est-du-Qu\u00e9bec en d\u00e9veloppant et en partageant des connaissances.<\/span><\/p>\n<p>[\/vc_column_text][\/vc_column][\/vc_row][vc_row gap=\u00a0\u00bb35&Prime; equal_height=\u00a0\u00bbyes\u00a0\u00bb content_placement=\u00a0\u00bbmiddle\u00a0\u00bb][vc_column width=\u00a0\u00bb1\/2&Prime;][vc_single_image image=\u00a0\u00bb22&Prime; img_size=\u00a0\u00bblarge\u00a0\u00bb alignment=\u00a0\u00bbcenter\u00a0\u00bb css=\u00a0\u00bb.vc_custom_1653169792042{margin-bottom: 0px !important;}\u00a0\u00bb][\/vc_column][vc_column width=\u00a0\u00bb1\/2&Prime;][vc_column_text]<\/p>\n<h2><span style=\"color: #ea9633;\">Mission<\/span>.<\/h2>\n<p>Le Centre d\u2019expertise sur l\u2019adaptation aux communaut\u00e9s d\u2019expression anglaise en sant\u00e9 et en services sociaux (ACESS) est un lieu de concertation entre les communaut\u00e9s d\u2019expression anglaise, des milieux de la recherche et de l\u2019\u00e9valuation, ainsi que du r\u00e9seau de la sant\u00e9 et des services sociaux de l\u2019Est-du-Qu\u00e9bec pour cr\u00e9er et partager savoirs et initiatives pour am\u00e9liorer l\u2019accessibilit\u00e9 et l\u2019adaptation des services de sant\u00e9 et des services sociaux pour les Qu\u00e9b\u00e9cois d\u2019expression anglaise.[\/vc_column_text][vc_btn title=\u00a0\u00bbEn savoir plus\u00a0\u00bb style=\u00a0\u00bboutline\u00a0\u00bb color=\u00a0\u00bbjuicy-pink\u00a0\u00bb i_align=\u00a0\u00bbright\u00a0\u00bb i_icon_fontawesome=\u00a0\u00bbfas fa-angle-right\u00a0\u00bb add_icon=\u00a0\u00bbtrue\u00a0\u00bb link=\u00a0\u00bburl:https%3A%2F%2Fcentreexpertiseacess.com%2Ffr%2Fa-propos%2F\u00a0\u00bb][\/vc_column][\/vc_row][vc_row gap=\u00a0\u00bb35&Prime; equal_height=\u00a0\u00bbyes\u00a0\u00bb content_placement=\u00a0\u00bbtop\u00a0\u00bb css=\u00a0\u00bb.vc_custom_1653406459170{margin-top: 70px !important;}\u00a0\u00bb][vc_column][vc_column_text]<\/p>\n<h2 style=\"text-align: center;\"><span style=\"color: #ea9633;\">Services<\/span>.<\/h2>\n<p>[\/vc_column_text][\/vc_column][vc_column width=\u00a0\u00bb1\/2&Prime;][vc_column_text css_animation=\u00a0\u00bbfadeInUp\u00a0\u00bb css=\u00a0\u00bb.vc_custom_1664995971180{margin-bottom: 0px !important;}\u00a0\u00bb el_class=\u00a0\u00bboverlap_text\u00a0\u00bb]<\/p>\n<h2><a style=\"color: inherit; text-decoration: none;\" href=\"https:\/\/precare.solutions\/ciussscn\/fr\/services\/\"><span style=\"color: #3f5d41; font-size: 48px;\">Formations et<br \/>\noutils<\/span><\/a><\/h2>\n<p>[\/vc_column_text][vc_row_inner css=\u00a0\u00bb.vc_custom_1653406419185{margin-top: -24px !important;margin-left: 70px !important;}\u00a0\u00bb][vc_column_inner css=\u00a0\u00bb.vc_custom_1653406093027{padding-top: 50px !important;padding-right: 50px !important;padding-bottom: 50px !important;padding-left: 50px !important;background-color: #ecf6ee !important;}\u00a0\u00bb][vc_single_image image=\u00a0\u00bb166&Prime; img_size=\u00a0\u00bblarge\u00a0\u00bb alignment=\u00a0\u00bbcenter\u00a0\u00bb onclick=\u00a0\u00bbcustom_link\u00a0\u00bb image_hovers=\u00a0\u00bbfalse\u00a0\u00bb css=\u00a0\u00bb.vc_custom_1654693270736{margin-bottom: 0px !important;}\u00a0\u00bb link=\u00a0\u00bbhttps:\/\/centreexpertiseacess.com\/fr\/services\/\u00a0\u00bb][\/vc_column_inner][\/vc_row_inner][\/vc_column][vc_column css_animation=\u00a0\u00bbfadeInUp\u00a0\u00bb width=\u00a0\u00bb1\/2&Prime; css=\u00a0\u00bb.vc_custom_1653758527169{margin-top: 70px !important;}\u00a0\u00bb][vc_column_text css=\u00a0\u00bb.vc_custom_1664995987150{margin-bottom: 0px !important;}\u00a0\u00bb el_class=\u00a0\u00bboverlap_text\u00a0\u00bb]<\/p>\n<h2><a style=\"color: inherit; text-decoration: none;\" href=\"https:\/\/centreexpertiseacess.com\/fr\/services\/\"><span style=\"color: #3f5d41; font-size: 48px;\">Recherche et <\/span><\/a><\/h2>\n<h2><a style=\"color: inherit; text-decoration: none;\" href=\"https:\/\/centreexpertiseacess.com\/fr\/services\/\"><span style=\"color: #3f5d41; font-size: 48px;\">\u00e9valuation<\/span><\/a><\/h2>\n<p>[\/vc_column_text][vc_row_inner css=\u00a0\u00bb.vc_custom_1653406411697{margin-top: -24px !important;margin-left: 70px !important;}\u00a0\u00bb][vc_column_inner css=\u00a0\u00bb.vc_custom_1653406083453{padding-top: 50px !important;padding-right: 50px !important;padding-bottom: 50px !important;padding-left: 50px !important;background-color: #ecf6ee !important;}\u00a0\u00bb][vc_single_image image=\u00a0\u00bb168&Prime; img_size=\u00a0\u00bblarge\u00a0\u00bb alignment=\u00a0\u00bbcenter\u00a0\u00bb onclick=\u00a0\u00bbcustom_link\u00a0\u00bb image_hovers=\u00a0\u00bbfalse\u00a0\u00bb css=\u00a0\u00bb.vc_custom_1654693278133{margin-bottom: 0px !important;}\u00a0\u00bb link=\u00a0\u00bbhttps:\/\/centreexpertiseacess.com\/fr\/services\/\u00a0\u00bb][\/vc_column_inner][\/vc_row_inner][\/vc_column][vc_column][vc_btn title=\u00a0\u00bbVoir tous les services\u00a0\u00bb style=\u00a0\u00bboutline\u00a0\u00bb color=\u00a0\u00bbjuicy-pink\u00a0\u00bb align=\u00a0\u00bbcenter\u00a0\u00bb i_align=\u00a0\u00bbright\u00a0\u00bb i_icon_fontawesome=\u00a0\u00bbfas fa-angle-right\u00a0\u00bb add_icon=\u00a0\u00bbtrue\u00a0\u00bb link=\u00a0\u00bburl:https%3A%2F%2Fcentreexpertiseacess.com%2Ffr%2Fservices%2F\u00a0\u00bb][\/vc_column][\/vc_row][vc_row full_width=\u00a0\u00bbstretch_row\u00a0\u00bb css=\u00a0\u00bb.vc_custom_1654693440666{padding-top: 35px !important;padding-bottom: 35px !important;background-image: url(https:\/\/centreexpertiseacess.com\/wp-content\/uploads\/sites\/27\/2022\/05\/home-contact-1000&#215;311-1.png?id=27) !important;background-position: center !important;background-repeat: no-repeat !important;background-size: cover !important;}\u00a0\u00bb][vc_column width=\u00a0\u00bb1\/2&Prime;][vc_column_text]<\/p>\n<h3 style=\"text-align: left;\"><span style=\"color: #ffffff;\">Vous avez des questions?<\/span><\/h3>\n<h2 style=\"text-align: left; font-size: 75px; line-height: 80px;\"><span style=\"color: #ea9633;\">Contactez<br \/>\nnous.<\/span><\/h2>\n<p>[\/vc_column_text][vc_btn title=\u00a0\u00bbNous joindre\u00a0\u00bb style=\u00a0\u00bboutline\u00a0\u00bb color=\u00a0\u00bbjuicy-pink\u00a0\u00bb i_align=\u00a0\u00bbright\u00a0\u00bb i_icon_fontawesome=\u00a0\u00bbfas fa-angle-right\u00a0\u00bb add_icon=\u00a0\u00bbtrue\u00a0\u00bb link=\u00a0\u00bburl:https%3A%2F%2Fcentreexpertiseacess.com%2Ffr%2Fnous-joindre%2F\u00a0\u00bb][\/vc_column][vc_column width=\u00a0\u00bb1\/2&Prime;][\/vc_column][\/vc_row][vc_row css=\u00a0\u00bb.vc_custom_1653442018439{margin-top: 60px !important;}\u00a0\u00bb][vc_column width=\u00a0\u00bb1\/4&Prime;][\/vc_column][vc_column width=\u00a0\u00bb1\/2&Prime;][vc_column_text css=\u00a0\u00bb.vc_custom_1653371841704{margin-bottom: 15px !important;}\u00a0\u00bb]<\/p>\n<p style=\"text-align: center; font-size: 24px; color: #3f5d41; line-height: 26px;\">Restez inform\u00e9s en vous inscrivant \u00e0 l&rsquo;info-lettre du Centre d&rsquo;expertise ACESS<\/p>\n<p>[\/vc_column_text]<script type=\"text\/javascript\">var gform;gform||(document.addEventListener(\"gform_main_scripts_loaded\",function(){gform.scriptsLoaded=!0}),window.addEventListener(\"DOMContentLoaded\",function(){gform.domLoaded=!0}),gform={domLoaded:!1,scriptsLoaded:!1,initializeOnLoaded:function(o){gform.domLoaded&&gform.scriptsLoaded?o():!gform.domLoaded&&gform.scriptsLoaded?window.addEventListener(\"DOMContentLoaded\",o):document.addEventListener(\"gform_main_scripts_loaded\",o)},hooks:{action:{},filter:{}},addAction:function(o,n,r,t){gform.addHook(\"action\",o,n,r,t)},addFilter:function(o,n,r,t){gform.addHook(\"filter\",o,n,r,t)},doAction:function(o){gform.doHook(\"action\",o,arguments)},applyFilters:function(o){return gform.doHook(\"filter\",o,arguments)},removeAction:function(o,n){gform.removeHook(\"action\",o,n)},removeFilter:function(o,n,r){gform.removeHook(\"filter\",o,n,r)},addHook:function(o,n,r,t,i){null==gform.hooks[o][n]&&(gform.hooks[o][n]=[]);var e=gform.hooks[o][n];null==i&&(i=n+\"_\"+e.length),gform.hooks[o][n].push({tag:i,callable:r,priority:t=null==t?10:t})},doHook:function(n,o,r){var t;if(r=Array.prototype.slice.call(r,1),null!=gform.hooks[n][o]&&((o=gform.hooks[n][o]).sort(function(o,n){return o.priority-n.priority}),o.forEach(function(o){\"function\"!=typeof(t=o.callable)&&(t=window[t]),\"action\"==n?t.apply(null,r):r[0]=t.apply(null,r)})),\"filter\"==n)return r[0]},removeHook:function(o,n,t,i){var r;null!=gform.hooks[o][n]&&(r=(r=gform.hooks[o][n]).filter(function(o,n,r){return!!(null!=i&&i!=o.tag||null!=t&&t!=o.priority)}),gform.hooks[o][n]=r)}});<\/script>\n                <div class='gf_browser_gecko gform_wrapper gform_legacy_markup_wrapper' id='gform_wrapper_1' ><div id='gf_1' class='gform_anchor' tabindex='-1'><\/div><form method='post' enctype='multipart\/form-data' target='gform_ajax_frame_1' id='gform_1'  action='\/fr\/wp-json\/wp\/v2\/pages\/4#gf_1' >\n                        <div class='gform_body gform-body'><ul id='gform_fields_1' class='gform_fields top_label form_sublabel_below description_below'><li id=\"field_1_5\"  class=\"gfield field_sublabel_below field_description_below gfield_visibility_visible\"  data-js-reload=\"field_1_5\"><label class='gfield_label' for='input_1_5' >Courriel<\/label><div class='ginput_container ginput_container_email'>\n                            <input name='input_5' id='input_1_5' type='text' value='' class='large'   placeholder='Entrez votre courriel'  aria-invalid=\"false\"  \/>\n                        <\/div><\/li><\/ul><\/div>\n        <div class='gform_footer top_label'> <input type='submit' id='gform_submit_button_1' class='gform_button button' value='m&#039;inscrire'  onclick='if(window[\"gf_submitting_1\"]){return false;}  window[\"gf_submitting_1\"]=true;  ' onkeypress='if( event.keyCode == 13 ){ if(window[\"gf_submitting_1\"]){return false;} window[\"gf_submitting_1\"]=true;  jQuery(\"#gform_1\").trigger(\"submit\",[true]); }' \/> <input type='hidden' name='gform_ajax' value='form_id=1&amp;title=&amp;description=&amp;tabindex=0' \/>\n            <input type='hidden' class='gform_hidden' name='is_submit_1' value='1' \/>\n            <input type='hidden' class='gform_hidden' name='gform_submit' value='1' \/>\n            \n            <input type='hidden' class='gform_hidden' name='gform_unique_id' value='' \/>\n            <input type='hidden' class='gform_hidden' name='state_1' value='WyJbXSIsIjhmNmMzNDg3ZjNmNGFiMDE1OWYzMDNkNGFmZTUwMjVmIl0=' \/>\n            <input type='hidden' class='gform_hidden' name='gform_target_page_number_1' id='gform_target_page_number_1' value='0' \/>\n            <input type='hidden' class='gform_hidden' name='gform_source_page_number_1' id='gform_source_page_number_1' value='1' \/>\n            <input type='hidden' name='gform_field_values' value='' \/>\n            \n        <\/div>\n                        <\/form>\n                        <\/div>\n                <iframe style='display:none;width:0px;height:0px;' src='about:blank' name='gform_ajax_frame_1' id='gform_ajax_frame_1' title='Cette iframe contient la logique n\u00e9cessaire pour manipuler Gravity Forms avec Ajax.'><\/iframe>\n                <script>\ngform.initializeOnLoaded( function() {gformInitSpinner( 1, 'https:\/\/centreexpertiseacess.com\/wp-content\/plugins\/gravityforms\/images\/spinner.svg' );jQuery('#gform_ajax_frame_1').on('load',function(){var contents = jQuery(this).contents().find('*').html();var is_postback = contents.indexOf('GF_AJAX_POSTBACK') >= 0;if(!is_postback){return;}var form_content = jQuery(this).contents().find('#gform_wrapper_1');var is_confirmation = jQuery(this).contents().find('#gform_confirmation_wrapper_1').length > 0;var is_redirect = contents.indexOf('gformRedirect(){') >= 0;var is_form = form_content.length > 0 && ! is_redirect && ! is_confirmation;var mt = parseInt(jQuery('html').css('margin-top'), 10) + parseInt(jQuery('body').css('margin-top'), 10) + 100;if(is_form){jQuery('#gform_wrapper_1').html(form_content.html());if(form_content.hasClass('gform_validation_error')){jQuery('#gform_wrapper_1').addClass('gform_validation_error');} else {jQuery('#gform_wrapper_1').removeClass('gform_validation_error');}setTimeout( function() { \/* delay the scroll by 50 milliseconds to fix a bug in chrome *\/ jQuery(document).scrollTop(jQuery('#gform_wrapper_1').offset().top - mt); }, 50 );if(window['gformInitDatepicker']) {gformInitDatepicker();}if(window['gformInitPriceFields']) {gformInitPriceFields();}var current_page = jQuery('#gform_source_page_number_1').val();gformInitSpinner( 1, 'https:\/\/centreexpertiseacess.com\/wp-content\/plugins\/gravityforms\/images\/spinner.svg' );jQuery(document).trigger('gform_page_loaded', [1, current_page]);window['gf_submitting_1'] = false;}else if(!is_redirect){var confirmation_content = jQuery(this).contents().find('.GF_AJAX_POSTBACK').html();if(!confirmation_content){confirmation_content = contents;}setTimeout(function(){jQuery('#gform_wrapper_1').replaceWith(confirmation_content);jQuery(document).scrollTop(jQuery('#gf_1').offset().top - mt);jQuery(document).trigger('gform_confirmation_loaded', [1]);window['gf_submitting_1'] = false;wp.a11y.speak(jQuery('#gform_confirmation_message_1').text());}, 50);}else{jQuery('#gform_1').append(contents);if(window['gformRedirect']) {gformRedirect();}}jQuery(document).trigger('gform_post_render', [1, current_page]);} );} );\n<\/script>\n[\/vc_column][vc_column width=\u00a0\u00bb1\/4&Prime;][\/vc_column][\/vc_row]<\/p>\n<\/div>","protected":false},"excerpt":{"rendered":"<p>[vc_row full_width=\u00a0\u00bbstretch_row\u00a0\u00bb css=\u00a0\u00bb.vc_custom_1654693417494{padding-top: 150px !important;padding-bottom: 150px !important;background-image: url(https:\/\/centreexpertiseacess.com\/wp-content\/uploads\/sites\/27\/2022\/05\/bg-home.jpg?id=7) !important;background-position: center !important;background-repeat: no-repeat !important;background-size: cover !important;}\u00a0\u00bb][vc_column][vc_column_text] acess: Am\u00e9liorer l\u2019acc\u00e8s par le savoir. [\/vc_column_text][\/vc_column][\/vc_row][vc_row][vc_column css=\u00a0\u00bb.vc_custom_1653169623567{background-color: #3f5d41 !important;border-radius: 5px !important;}\u00a0\u00bb el_id=\u00a0\u00bbtop_overlay_column\u00a0\u00bb][vc_column_text css=\u00a0\u00bb.vc_custom_1654186215415{padding-top: 40px !important;padding-right: 40px !important;padding-bottom: 40px !important;padding-left: 40px !important;}\u00a0\u00bb] Le Centre d\u2019expertise sur l\u2019adaptation aux communaut\u00e9s d\u2019expression anglaise en sant\u00e9 et services sociaux (CE-ACESS) contribue \u00e0 am\u00e9liorer,&hellip;<\/p>\n","protected":false},"author":1,"featured_media":0,"parent":0,"menu_order":0,"comment_status":"closed","ping_status":"closed","template":"template-microsite.php","meta":{"footnotes":""},"yst_prominent_words":[],"class_list":["post-4","page","type-page","status-publish","hentry","description-off"],"_links":{"self":[{"href":"https:\/\/centreexpertiseacess.com\/fr\/wp-json\/wp\/v2\/pages\/4","targetHints":{"allow":["GET"]}}],"collection":[{"href":"https:\/\/centreexpertiseacess.com\/fr\/wp-json\/wp\/v2\/pages"}],"about":[{"href":"https:\/\/centreexpertiseacess.com\/fr\/wp-json\/wp\/v2\/types\/page"}],"author":[{"embeddable":true,"href":"https:\/\/centreexpertiseacess.com\/fr\/wp-json\/wp\/v2\/users\/1"}],"replies":[{"embeddable":true,"href":"https:\/\/centreexpertiseacess.com\/fr\/wp-json\/wp\/v2\/comments?post=4"}],"version-history":[{"count":53,"href":"https:\/\/centreexpertiseacess.com\/fr\/wp-json\/wp\/v2\/pages\/4\/revisions"}],"predecessor-version":[{"id":596,"href":"https:\/\/centreexpertiseacess.com\/fr\/wp-json\/wp\/v2\/pages\/4\/revisions\/596"}],"wp:attachment":[{"href":"https:\/\/centreexpertiseacess.com\/fr\/wp-json\/wp\/v2\/media?parent=4"}],"wp:term":[{"taxonomy":"yst_prominent_words","embeddable":true,"href":"https:\/\/centreexpertiseacess.com\/fr\/wp-json\/wp\/v2\/yst_prominent_words?post=4"}],"curies":[{"name":"wp","href":"https:\/\/api.w.org\/{rel}","templated":true}]}}